{"id":8,"date":"2015-07-11T11:49:57","date_gmt":"2015-07-11T08:49:57","guid":{"rendered":"http:\/\/www.bbnb.fi\/www\/?page_id=8"},"modified":"2023-05-13T11:40:55","modified_gmt":"2023-05-13T09:40:55","slug":"om-oss","status":"publish","type":"page","link":"https:\/\/www.bbnb.fi\/www\/sv\/om-oss\/","title":{"rendered":"Om oss"},"content":{"rendered":"<div class=\"one-half\"><a href=\"http:\/\/www.bbnb.fi\/www\/wp-content\/uploads\/2015\/07\/Huset_NW_2761.jpg\" data-rel=\"lightbox-image-0\" data-rl_title=\"\" data-rl_caption=\"\" title=\"\"><img loading=\"lazy\" decoding=\"async\" class=\"alignnone  wp-image-85\" src=\"http:\/\/www.bbnb.fi\/www\/wp-content\/uploads\/2015\/07\/Huset_NW_2761-300x203.jpg\" alt=\"Huset_NW_2761\" width=\"487\" height=\"288\" \/><\/a><\/div>\n<div class=\"one-half last\">\n<p>R\u00f6da Villan, Tallmo ligger i <a href=\"https:\/\/www.google.fi\/maps\/place\/Bromarf\/data=!4m2!3m1!1s0x468cfebfe0abdd6b:0xa00b553b98e2750?sa=X&amp;ei=TAeLVcHlG-aBywPd87uAAw&amp;ved=0CB4Q8gEwAA\">Bromarv<\/a> kyrkby, ca 800 meter fr\u00e5n kyrkan och Sk\u00e4rg\u00e5rdshamnen mot W\u00e4ttlax. Huset har strand med egen brygga vid Kyrk\u00adviken d\u00e4r fyra b\u00e5tar kan f\u00e5 plats. En direkt busslinje mellan Helsingfors och Bromarv via Eken\u00e4s k\u00f6r dagligen. Bussh\u00e5llplatsen ligger ca 200 m fr\u00e5n Tallmo. I kyrkbyn finns en v\u00e4lf\u00f6rsedd butik, caf\u00e9 med lunchservering, bank och bibliotek. F\u00f6r mera information om aktiviteter i Bromarv, g\u00e5 in p\u00e5 <a href=\"http:\/\/www.bromarf.fi\/\">bromarf.fi<\/a> och <a href=\"http:\/\/visitraseborg.fi\/\">visitraseborg.fi<\/a>.<\/p>\n<\/div>\n<div><a href=\"http:\/\/www.bbnb.fi\/www\/wp-content\/uploads\/2015\/07\/Blomma_2693.jpg\" data-rel=\"lightbox-image-1\" data-rl_title=\"\" data-rl_caption=\"\" title=\"\"><img loading=\"lazy\" decoding=\"async\" class=\"alignnone  wp-image-86\" src=\"http:\/\/www.bbnb.fi\/www\/wp-content\/uploads\/2015\/07\/Blomma_2693-300x203.jpg\" alt=\"Blomma_2693\" width=\"370\" height=\"250\" srcset=\"https:\/\/www.bbnb.fi\/www\/wp-content\/uploads\/2015\/07\/Blomma_2693-300x203.jpg 300w, https:\/\/www.bbnb.fi\/www\/wp-content\/uploads\/2015\/07\/Blomma_2693.jpg 1020w\" sizes=\"auto, (max-width: 370px) 100vw, 370px\" \/><\/a><a href=\"http:\/\/www.bbnb.fi\/www\/wp-content\/uploads\/2015\/07\/Kvall_34.jpg\" data-rel=\"lightbox-image-2\" data-rl_title=\"\" data-rl_caption=\"\" title=\"\"><img loading=\"lazy\" decoding=\"async\" class=\"alignnone  wp-image-91\" src=\"http:\/\/www.bbnb.fi\/www\/wp-content\/uploads\/2015\/07\/Kvall_34.jpg\" alt=\"Kvall_34\" width=\"455\" height=\"250\" srcset=\"https:\/\/www.bbnb.fi\/www\/wp-content\/uploads\/2015\/07\/Kvall_34.jpg 1020w, https:\/\/www.bbnb.fi\/www\/wp-content\/uploads\/2015\/07\/Kvall_34-300x165.jpg 300w\" sizes=\"auto, (max-width: 455px) 100vw, 455px\" \/><\/a><a href=\"http:\/\/www.bbnb.fi\/www\/wp-content\/uploads\/2015\/07\/Trappa_2654.jpg\" data-rel=\"lightbox-image-3\" data-rl_title=\"\" data-rl_caption=\"\" title=\"\"><img loading=\"lazy\" decoding=\"async\" class=\"alignnone  wp-image-97\" src=\"http:\/\/www.bbnb.fi\/www\/wp-content\/uploads\/2015\/07\/Trappa_2654-273x300.jpg\" alt=\"Trappa_2654\" width=\"227\" height=\"250\" srcset=\"https:\/\/www.bbnb.fi\/www\/wp-content\/uploads\/2015\/07\/Trappa_2654-273x300.jpg 273w, https:\/\/www.bbnb.fi\/www\/wp-content\/uploads\/2015\/07\/Trappa_2654.jpg 510w\" sizes=\"auto, (max-width: 227px) 100vw, 227px\" \/><\/a><\/div>\n","protected":false},"excerpt":{"rendered":"<p>R\u00f6da Villan, Tallmo ligger i Bromarv kyrkby, ca 800 meter fr\u00e5n kyrkan och Sk\u00e4rg\u00e5rdshamnen mot W\u00e4ttlax. Huset har strand med egen brygga vid Kyrk\u00adviken d\u00e4r fyra b\u00e5tar kan f\u00e5 plats. En direkt busslinje mellan Helsingfors och Bromarv via Eken\u00e4s k\u00f6r dagligen. Bussh\u00e5llplatsen ligger ca 200 m fr\u00e5n Tallmo. I kyrkbyn finns en v\u00e4lf\u00f6rsedd butik, caf\u00e9<span class=\"before-more-link\">&#8230;<\/span><a class=\"more-link\" href=\"https:\/\/www.bbnb.fi\/www\/sv\/om-oss\/\">Read more &#8230;<\/a><\/p>\n","protected":false},"author":1,"featured_media":0,"parent":0,"menu_order":0,"comment_status":"closed","ping_status":"closed","template":"template-page-noslide.php","meta":{"footnotes":""},"class_list":["post-8","page","type-page","status-publish","hentry"],"_links":{"self":[{"href":"https:\/\/www.bbnb.fi\/www\/wp-json\/wp\/v2\/pages\/8","targetHints":{"allow":["GET"]}}],"collection":[{"href":"https:\/\/www.bbnb.fi\/www\/wp-json\/wp\/v2\/pages"}],"about":[{"href":"https:\/\/www.bbnb.fi\/www\/wp-json\/wp\/v2\/types\/page"}],"author":[{"embeddable":true,"href":"https:\/\/www.bbnb.fi\/www\/wp-json\/wp\/v2\/users\/1"}],"replies":[{"embeddable":true,"href":"https:\/\/www.bbnb.fi\/www\/wp-json\/wp\/v2\/comments?post=8"}],"version-history":[{"count":22,"href":"https:\/\/www.bbnb.fi\/www\/wp-json\/wp\/v2\/pages\/8\/revisions"}],"predecessor-version":[{"id":518,"href":"https:\/\/www.bbnb.fi\/www\/wp-json\/wp\/v2\/pages\/8\/revisions\/518"}],"wp:attachment":[{"href":"https:\/\/www.bbnb.fi\/www\/wp-json\/wp\/v2\/media?parent=8"}],"curies":[{"name":"wp","href":"https:\/\/api.w.org\/{rel}","templated":true}]}}