{"id":6,"date":"2015-07-11T11:49:37","date_gmt":"2015-07-11T08:49:37","guid":{"rendered":"http:\/\/www.bbnb.fi\/www\/?page_id=6"},"modified":"2023-02-21T13:23:49","modified_gmt":"2023-02-21T11:23:49","slug":"vara-priser","status":"publish","type":"page","link":"https:\/\/www.bbnb.fi\/www\/sv\/vara-priser\/","title":{"rendered":"V\u00e5ra priser"},"content":{"rendered":"<p>\u00a0<\/p>\n<div class=\"three-fourth\">\n<p>En person (i tv\u00e5personers rum) utan frukost &#8211; 55 \u20ac \/ natt<\/p>\n<p>En person (i tv\u00e5personers rum) med frukost &#8211; 63 \u20ac \/ natt<\/p>\n<p>Tv\u00e5 personer (i tv\u00e5personers rum) utan frukost &#8211; 110 \u20ac \/ natt<\/p>\n<p>Tv\u00e5 personer (i tv\u00e5personers rum) med frukost &#8211; 125 \u20ac \/ natt<\/p>\n<p><strong>Familjerum<\/strong>: tv\u00e5 vuxna och tv\u00e5 barn under 12 \u00e5r, utan frukost &#8211; 155 \u20ac \/ natt<\/p>\n<p><strong>Familjerum<\/strong>: tv\u00e5 vuxna och tv\u00e5 barn under 12 \u00e5r, med frukost &#8211; 175 \u20ac \/ natt<\/p>\n<p>Barn under 3 \u00e5r, gratis.<\/p>\n<p><strong>Priserna inkluderar s\u00e4ngkl\u00e4der, handdukar, st\u00e4dning och 10 % moms.<\/strong><\/p>\n<\/div>\n\n\n<p><\/p>\n","protected":false},"excerpt":{"rendered":"<p>\u00a0 En person (i tv\u00e5personers rum) utan frukost &#8211; 55 \u20ac \/ natt En person (i tv\u00e5personers rum) med frukost &#8211; 63 \u20ac \/ natt Tv\u00e5 personer (i tv\u00e5personers rum) utan frukost &#8211; 110 \u20ac \/ natt Tv\u00e5 personer (i tv\u00e5personers rum) med frukost &#8211; 125 \u20ac \/ natt Familjerum: tv\u00e5 vuxna och tv\u00e5 barn<span class=\"before-more-link\">&#8230;<\/span><a class=\"more-link\" href=\"https:\/\/www.bbnb.fi\/www\/sv\/vara-priser\/\">Read more &#8230;<\/a><\/p>\n","protected":false},"author":1,"featured_media":0,"parent":0,"menu_order":0,"comment_status":"closed","ping_status":"closed","template":"template-page-noslide.php","meta":{"footnotes":""},"class_list":["post-6","page","type-page","status-publish","hentry"],"_links":{"self":[{"href":"https:\/\/www.bbnb.fi\/www\/wp-json\/wp\/v2\/pages\/6","targetHints":{"allow":["GET"]}}],"collection":[{"href":"https:\/\/www.bbnb.fi\/www\/wp-json\/wp\/v2\/pages"}],"about":[{"href":"https:\/\/www.bbnb.fi\/www\/wp-json\/wp\/v2\/types\/page"}],"author":[{"embeddable":true,"href":"https:\/\/www.bbnb.fi\/www\/wp-json\/wp\/v2\/users\/1"}],"replies":[{"embeddable":true,"href":"https:\/\/www.bbnb.fi\/www\/wp-json\/wp\/v2\/comments?post=6"}],"version-history":[{"count":16,"href":"https:\/\/www.bbnb.fi\/www\/wp-json\/wp\/v2\/pages\/6\/revisions"}],"predecessor-version":[{"id":491,"href":"https:\/\/www.bbnb.fi\/www\/wp-json\/wp\/v2\/pages\/6\/revisions\/491"}],"wp:attachment":[{"href":"https:\/\/www.bbnb.fi\/www\/wp-json\/wp\/v2\/media?parent=6"}],"curies":[{"name":"wp","href":"https:\/\/api.w.org\/{rel}","templated":true}]}}