{"id":148,"date":"2015-08-11T19:10:23","date_gmt":"2015-08-11T16:10:23","guid":{"rendered":"http:\/\/www.bbnb.fi\/www\/?page_id=148"},"modified":"2023-05-13T11:41:59","modified_gmt":"2023-05-13T09:41:59","slug":"tietoa-meista","status":"publish","type":"page","link":"https:\/\/www.bbnb.fi\/www\/fi\/tietoa-meista\/","title":{"rendered":"Tietoa meist\u00e4"},"content":{"rendered":"<div class=\"one-half\"><a href=\"http:\/\/www.bbnb.fi\/www\/wp-content\/uploads\/2015\/07\/Huset_NW_2761.jpg\" data-rel=\"lightbox-image-0\" data-rl_title=\"\" data-rl_caption=\"\" title=\"\"><img loading=\"lazy\" decoding=\"async\" class=\"alignnone  wp-image-85\" src=\"http:\/\/www.bbnb.fi\/www\/wp-content\/uploads\/2015\/07\/Huset_NW_2761-300x203.jpg\" alt=\"Huset_NW_2761\" width=\"487\" height=\"288\" \/><\/a><\/div>\n<div class=\"one-half last\">\n<p>R\u00f6da Villan, Tallmo sijaitsee <a href=\"https:\/\/www.google.fi\/maps\/place\/Bromarf\/data=!4m2!3m1!1s0x468cfebfe0abdd6b:0xa00b553b98e2750?sa=X&amp;ei=TAeLVcHlG-aBywPd87uAAw&amp;ved=0CB4Q8gEwAA\">Bromarv<\/a>in kyl\u00e4ss\u00e4 n. 800 m l\u00e4nteen kirkosta ja saaristosatamasta. Huvilalla on Kirkkolahden puolella oma ranta, laituri ja nelj\u00e4 venepaikkaa. Bromarvin ja Helsingin v\u00e4lill\u00e4 on p\u00e4ivitt\u00e4inen bussiyhteys Tammisaaren kautta. Bussipys\u00e4kki sijaitsee n. 200 m talosta.Kyl\u00e4ss\u00e4 on hyvin varustettu kauppa, pankki, kirjasto sek\u00e4 kahvila\/baari. Lis\u00e4tietoja Bromarvista, palveluista ja tapahtumista l\u00f6yd\u00e4t verkkosivuilta <a href=\"http:\/\/www.bromarf.fi\/\">bromarf.fi<\/a> ja <a href=\"http:\/\/visitraseborg.fi\/\">visitraseborg.fi<\/a>.<\/p>\n<\/div>\n<div><a href=\"http:\/\/www.bbnb.fi\/www\/wp-content\/uploads\/2015\/07\/Blomma_2693.jpg\" data-rel=\"lightbox-image-1\" data-rl_title=\"\" data-rl_caption=\"\" title=\"\"><img loading=\"lazy\" decoding=\"async\" class=\"alignnone  wp-image-86\" src=\"http:\/\/www.bbnb.fi\/www\/wp-content\/uploads\/2015\/07\/Blomma_2693-300x203.jpg\" alt=\"Blomma_2693\" width=\"370\" height=\"250\" srcset=\"https:\/\/www.bbnb.fi\/www\/wp-content\/uploads\/2015\/07\/Blomma_2693-300x203.jpg 300w, https:\/\/www.bbnb.fi\/www\/wp-content\/uploads\/2015\/07\/Blomma_2693.jpg 1020w\" sizes=\"auto, (max-width: 370px) 100vw, 370px\" \/><\/a><a href=\"http:\/\/www.bbnb.fi\/www\/wp-content\/uploads\/2015\/07\/Kvall_34.jpg\" data-rel=\"lightbox-image-2\" data-rl_title=\"\" data-rl_caption=\"\" title=\"\"><img loading=\"lazy\" decoding=\"async\" class=\"alignnone  wp-image-91\" src=\"http:\/\/www.bbnb.fi\/www\/wp-content\/uploads\/2015\/07\/Kvall_34.jpg\" alt=\"Kvall_34\" width=\"455\" height=\"250\" srcset=\"https:\/\/www.bbnb.fi\/www\/wp-content\/uploads\/2015\/07\/Kvall_34.jpg 1020w, https:\/\/www.bbnb.fi\/www\/wp-content\/uploads\/2015\/07\/Kvall_34-300x165.jpg 300w\" sizes=\"auto, (max-width: 455px) 100vw, 455px\" \/><\/a><a href=\"http:\/\/www.bbnb.fi\/www\/wp-content\/uploads\/2015\/07\/Trappa_2654.jpg\" data-rel=\"lightbox-image-3\" data-rl_title=\"\" data-rl_caption=\"\" title=\"\"><img loading=\"lazy\" decoding=\"async\" class=\"alignnone  wp-image-97\" src=\"http:\/\/www.bbnb.fi\/www\/wp-content\/uploads\/2015\/07\/Trappa_2654-273x300.jpg\" alt=\"Trappa_2654\" width=\"227\" height=\"250\" srcset=\"https:\/\/www.bbnb.fi\/www\/wp-content\/uploads\/2015\/07\/Trappa_2654-273x300.jpg 273w, https:\/\/www.bbnb.fi\/www\/wp-content\/uploads\/2015\/07\/Trappa_2654.jpg 510w\" sizes=\"auto, (max-width: 227px) 100vw, 227px\" \/><\/a><\/div>\n","protected":false},"excerpt":{"rendered":"<p>R\u00f6da Villan, Tallmo sijaitsee Bromarvin kyl\u00e4ss\u00e4 n. 800 m l\u00e4nteen kirkosta ja saaristosatamasta. Huvilalla on Kirkkolahden puolella oma ranta, laituri ja nelj\u00e4 venepaikkaa. Bromarvin ja Helsingin v\u00e4lill\u00e4 on p\u00e4ivitt\u00e4inen bussiyhteys Tammisaaren kautta. Bussipys\u00e4kki sijaitsee n. 200 m talosta.Kyl\u00e4ss\u00e4 on hyvin varustettu kauppa, pankki, kirjasto sek\u00e4 kahvila\/baari. Lis\u00e4tietoja Bromarvista, palveluista ja tapahtumista l\u00f6yd\u00e4t verkkosivuilta bromarf.fi ja<span class=\"before-more-link\">&#8230;<\/span><a class=\"more-link\" href=\"https:\/\/www.bbnb.fi\/www\/fi\/tietoa-meista\/\">Read more &#8230;<\/a><\/p>\n","protected":false},"author":1,"featured_media":0,"parent":0,"menu_order":0,"comment_status":"closed","ping_status":"closed","template":"template-page-noslide.php","meta":{"footnotes":""},"class_list":["post-148","page","type-page","status-publish","hentry"],"_links":{"self":[{"href":"https:\/\/www.bbnb.fi\/www\/wp-json\/wp\/v2\/pages\/148","targetHints":{"allow":["GET"]}}],"collection":[{"href":"https:\/\/www.bbnb.fi\/www\/wp-json\/wp\/v2\/pages"}],"about":[{"href":"https:\/\/www.bbnb.fi\/www\/wp-json\/wp\/v2\/types\/page"}],"author":[{"embeddable":true,"href":"https:\/\/www.bbnb.fi\/www\/wp-json\/wp\/v2\/users\/1"}],"replies":[{"embeddable":true,"href":"https:\/\/www.bbnb.fi\/www\/wp-json\/wp\/v2\/comments?post=148"}],"version-history":[{"count":4,"href":"https:\/\/www.bbnb.fi\/www\/wp-json\/wp\/v2\/pages\/148\/revisions"}],"predecessor-version":[{"id":519,"href":"https:\/\/www.bbnb.fi\/www\/wp-json\/wp\/v2\/pages\/148\/revisions\/519"}],"wp:attachment":[{"href":"https:\/\/www.bbnb.fi\/www\/wp-json\/wp\/v2\/media?parent=148"}],"curies":[{"name":"wp","href":"https:\/\/api.w.org\/{rel}","templated":true}]}}