{"id":4,"date":"2015-07-11T11:49:09","date_gmt":"2015-07-11T08:49:09","guid":{"rendered":"http:\/\/www.bbnb.fi\/www\/?page_id=4"},"modified":"2015-08-13T12:29:54","modified_gmt":"2015-08-13T09:29:54","slug":"vara-rum","status":"publish","type":"page","link":"http:\/\/www.bbnb.fi\/www\/sv\/vara-rum\/","title":{"rendered":"V\u00e5ra rum"},"content":{"rendered":"<div class=\"one-third\"><a href=\"http:\/\/www.bbnb.fi\/www\/wp-content\/uploads\/2015\/07\/Beckasinen_2798.jpg\" data-rel=\"lightbox-image-0\" data-rl_title=\"\" data-rl_caption=\"\" title=\"\"><img decoding=\"async\" class=\"alignnone size-medium wp-image-61\" src=\"http:\/\/www.bbnb.fi\/www\/wp-content\/uploads\/2015\/07\/Beckasinen_2798-300x218.jpg\" alt=\"Beckasinen_2798\" width=\"350\" srcset=\"http:\/\/www.bbnb.fi\/www\/wp-content\/uploads\/2015\/07\/Beckasinen_2798-300x218.jpg 300w, http:\/\/www.bbnb.fi\/www\/wp-content\/uploads\/2015\/07\/Beckasinen_2798.jpg 1020w\" sizes=\"(max-width: 300px) 100vw, 300px\" \/><\/a><a href=\"http:\/\/www.bbnb.fi\/www\/wp-content\/uploads\/2015\/07\/Beckasinen_2798.jpg\" data-rel=\"lightbox-image-1\" data-rl_title=\"\" data-rl_caption=\"\" title=\"\"><br \/>\nBeckasinen<\/a><\/div>\n<div class=\"one-third\">Uthyrningsrummen finns i villans \u00f6vre v\u00e5ning, som \u00e4ven omfattar ett umg\u00e4nges\u00adrum med matbord och TV, ett mindre k\u00f6k med mikrov\u00e5gsugn och kylsk\u00e5p, samt tv\u00e5 wc:n, det ena med dusch. Babys\u00e4ng finns vid behov. Huset har optisk fiber internetanslutningar och tr\u00e5dl\u00f6s gratis WiFi. En \u00f6ppen veranda med tak mot s\u00f6der st\u00e5r till g\u00e4sternas f\u00f6rfogande. Verandan har tv\u00e5 bord och sittplatser f\u00f6r \u00e5tta personer.<\/p>\n<p>Nedre v\u00e5ningen \u00e4r i \u00e4garnas privata bruk.<\/p>\n<\/div>\n<div class=\"one-third last\"><a href=\"http:\/\/www.bbnb.fi\/www\/wp-content\/uploads\/2015\/07\/Backsvalan_2647.jpg\" data-rel=\"lightbox-image-2\" data-rl_title=\"\" data-rl_caption=\"\" title=\"\"><img decoding=\"async\" class=\"alignnone size-medium wp-image-60\" src=\"http:\/\/www.bbnb.fi\/www\/wp-content\/uploads\/2015\/07\/Backsvalan_2647-300x218.jpg\" alt=\"Backsvalan_2647\" width=\"350\" srcset=\"http:\/\/www.bbnb.fi\/www\/wp-content\/uploads\/2015\/07\/Backsvalan_2647-300x218.jpg 300w, http:\/\/www.bbnb.fi\/www\/wp-content\/uploads\/2015\/07\/Backsvalan_2647.jpg 1020w\" sizes=\"(max-width: 300px) 100vw, 300px\" \/>Backsvalan<\/a><\/div>\n<div class=\"one-third\"><a href=\"http:\/\/www.bbnb.fi\/www\/wp-content\/uploads\/2015\/07\/Bofinken_2651.jpg\" data-rel=\"lightbox-image-3\" data-rl_title=\"\" data-rl_caption=\"\" title=\"\"><img decoding=\"async\" class=\"alignnone size-medium wp-image-63\" src=\"http:\/\/www.bbnb.fi\/www\/wp-content\/uploads\/2015\/07\/Bofinken_2651-300x218.jpg\" alt=\"Bofinken_2651\" width=\"350\" srcset=\"http:\/\/www.bbnb.fi\/www\/wp-content\/uploads\/2015\/07\/Bofinken_2651-300x218.jpg 300w, http:\/\/www.bbnb.fi\/www\/wp-content\/uploads\/2015\/07\/Bofinken_2651.jpg 1020w\" sizes=\"(max-width: 300px) 100vw, 300px\" \/>Bofinken<\/a><\/div>\n<div class=\"one-third\"><\/div>\n<div class=\"one-third last\"><a href=\"http:\/\/www.bbnb.fi\/www\/wp-content\/uploads\/2015\/07\/Blahakaen_2681.jpg\" data-rel=\"lightbox-image-4\" data-rl_title=\"\" data-rl_caption=\"\" title=\"\"><img decoding=\"async\" class=\"alignnone size-medium wp-image-62\" src=\"http:\/\/www.bbnb.fi\/www\/wp-content\/uploads\/2015\/07\/Blahakaen_2681-300x218.jpg\" alt=\"Blahakaen_2681\" width=\"350\" srcset=\"http:\/\/www.bbnb.fi\/www\/wp-content\/uploads\/2015\/07\/Blahakaen_2681-300x218.jpg 300w, http:\/\/www.bbnb.fi\/www\/wp-content\/uploads\/2015\/07\/Blahakaen_2681.jpg 1020w\" sizes=\"(max-width: 300px) 100vw, 300px\" \/>Bl\u00e5haken<\/a><\/div>\n<div class=\"one-half\"><a href=\"http:\/\/www.bbnb.fi\/www\/wp-content\/uploads\/2015\/07\/Ovre_salen_2674.jpg\" data-rel=\"lightbox-image-5\" data-rl_title=\"\" data-rl_caption=\"\" title=\"\"><img decoding=\"async\" class=\"alignnone size-medium wp-image-64\" src=\"http:\/\/www.bbnb.fi\/www\/wp-content\/uploads\/2015\/07\/Ovre_salen_2674.jpg\" alt=\"Ovre_salen_2674\" width=\"510\" srcset=\"http:\/\/www.bbnb.fi\/www\/wp-content\/uploads\/2015\/07\/Ovre_salen_2674.jpg 1020w, http:\/\/www.bbnb.fi\/www\/wp-content\/uploads\/2015\/07\/Ovre_salen_2674-300x218.jpg 300w\" sizes=\"(max-width: 1020px) 100vw, 1020px\" \/>\u00d6vre salen<\/a><\/div>\n<div class=\"one-half last\"><a href=\"http:\/\/www.bbnb.fi\/www\/wp-content\/uploads\/2015\/07\/Sodra_verandan_2698.jpg\" data-rel=\"lightbox-image-6\" data-rl_title=\"\" data-rl_caption=\"\" title=\"\"><img decoding=\"async\" class=\"alignnone size-medium wp-image-65\" src=\"http:\/\/www.bbnb.fi\/www\/wp-content\/uploads\/2015\/07\/Sodra_verandan_2698.jpg\" alt=\"Sodra_verandan_2698\" width=\"510\" srcset=\"http:\/\/www.bbnb.fi\/www\/wp-content\/uploads\/2015\/07\/Sodra_verandan_2698.jpg 1020w, http:\/\/www.bbnb.fi\/www\/wp-content\/uploads\/2015\/07\/Sodra_verandan_2698-300x218.jpg 300w\" sizes=\"(max-width: 1020px) 100vw, 1020px\" \/>S\u00f6dra verandan<\/a><\/div>\n","protected":false},"excerpt":{"rendered":"<p>Beckasinen Uthyrningsrummen finns i villans \u00f6vre v\u00e5ning, som \u00e4ven omfattar ett umg\u00e4nges\u00adrum med matbord och TV, ett mindre k\u00f6k med mikrov\u00e5gsugn och kylsk\u00e5p, samt tv\u00e5 wc:n, det ena med dusch. Babys\u00e4ng finns vid behov. Huset har optisk fiber internetanslutningar och tr\u00e5dl\u00f6s gratis WiFi. En \u00f6ppen veranda med tak mot s\u00f6der st\u00e5r till g\u00e4sternas f\u00f6rfogande. Verandan<span class=\"before-more-link\">&#8230;<\/span><a class=\"more-link\" href=\"http:\/\/www.bbnb.fi\/www\/sv\/vara-rum\/\">Read more &#8230;<\/a><\/p>\n","protected":false},"author":1,"featured_media":0,"parent":0,"menu_order":0,"comment_status":"closed","ping_status":"closed","template":"template-page-noslide.php","meta":{"footnotes":""},"class_list":["post-4","page","type-page","status-publish","hentry"],"_links":{"self":[{"href":"http:\/\/www.bbnb.fi\/www\/wp-json\/wp\/v2\/pages\/4","targetHints":{"allow":["GET"]}}],"collection":[{"href":"http:\/\/www.bbnb.fi\/www\/wp-json\/wp\/v2\/pages"}],"about":[{"href":"http:\/\/www.bbnb.fi\/www\/wp-json\/wp\/v2\/types\/page"}],"author":[{"embeddable":true,"href":"http:\/\/www.bbnb.fi\/www\/wp-json\/wp\/v2\/users\/1"}],"replies":[{"embeddable":true,"href":"http:\/\/www.bbnb.fi\/www\/wp-json\/wp\/v2\/comments?post=4"}],"version-history":[{"count":26,"href":"http:\/\/www.bbnb.fi\/www\/wp-json\/wp\/v2\/pages\/4\/revisions"}],"predecessor-version":[{"id":236,"href":"http:\/\/www.bbnb.fi\/www\/wp-json\/wp\/v2\/pages\/4\/revisions\/236"}],"wp:attachment":[{"href":"http:\/\/www.bbnb.fi\/www\/wp-json\/wp\/v2\/media?parent=4"}],"curies":[{"name":"wp","href":"https:\/\/api.w.org\/{rel}","templated":true}]}}