{"id":2,"date":"2015-07-11T14:29:27","date_gmt":"2015-07-11T11:29:27","guid":{"rendered":"http:\/\/www.bbnb.fi\/www\/?page_id=2"},"modified":"2018-11-29T16:36:03","modified_gmt":"2018-11-29T14:36:03","slug":"slideshow","status":"publish","type":"page","link":"http:\/\/www.bbnb.fi\/www\/sv\/slideshow\/","title":{"rendered":"Startsida"},"content":{"rendered":"<p>I natursk\u00f6n innersk\u00e4rg\u00e5rd i Bromarv kyrkby, Raseborg, uthyres f\u00f6r \u00f6vernattning tre dubbelrum samt ett familjerum f\u00f6r fyra personer i den hundra \u00e5r gamla och st\u00e4mningsfulla R\u00f6da Villan, Tallmo. Alla bekv\u00e4mligheter, umg\u00e4ngesrum, ett mindre k\u00f6k med mikrov\u00e5gsugn och kylsk\u00e5p, gratis WiFi, terrass mot s\u00f6der, strand med brygga och fyra b\u00e5tplatser \u2013 200 meter fr\u00e5n bussh\u00e5llplatsen och p\u00e5 promenadavst\u00e5nd fr\u00e5n byns sk\u00e4rg\u00e5rdshamn och service med butik, bibliotek, kaf\u00e9 och restaurang.<\/p>\n<div class=\"one-half\"><a href=\"http:\/\/www.bbnb.fi\/www\/wp-content\/uploads\/2015\/07\/2847.jpg\" data-rel=\"lightbox-image-0\" data-rl_title=\"\" data-rl_caption=\"\" title=\"\"><img loading=\"lazy\" decoding=\"async\" class=\"alignnone wp-image-44\" src=\"http:\/\/www.bbnb.fi\/www\/wp-content\/uploads\/2015\/07\/2847.jpg\" alt=\"2847\" width=\"471\" height=\"304\" srcset=\"http:\/\/www.bbnb.fi\/www\/wp-content\/uploads\/2015\/07\/2847.jpg 340w, http:\/\/www.bbnb.fi\/www\/wp-content\/uploads\/2015\/07\/2847-300x194.jpg 300w\" sizes=\"auto, (max-width: 471px) 100vw, 471px\" \/><\/a><\/div>\n<div class=\"one-half last last\">\n<p><img loading=\"lazy\" decoding=\"async\" class=\"alignnone wp-image-43\" src=\"http:\/\/www.bbnb.fi\/www\/wp-content\/uploads\/2015\/07\/2817.jpg\" alt=\"2817\" width=\"471\" height=\"304\" srcset=\"http:\/\/www.bbnb.fi\/www\/wp-content\/uploads\/2015\/07\/2817.jpg 340w, http:\/\/www.bbnb.fi\/www\/wp-content\/uploads\/2015\/07\/2817-300x194.jpg 300w\" sizes=\"auto, (max-width: 471px) 100vw, 471px\" \/><\/p>\n<\/div>\n<p><!--\n\n\n<div class=\"one-third last\"><span data-mce-type=\"bookmark\" style=\"display: inline-block; width: 0px; overflow: hidden; line-height: 0;\" class=\"mce_SELRES_start\"><\/span><iframe loading=\"lazy\" width=\"340\" height=\"220\" frameborder=\"0\" style=\"border:0\" src=\"https:\/\/www.google.com\/maps\/embed\/v1\/place?q=V%C3%A4ttlaxv%C3%A4gen%2078%2C%20Raseborg%2C%20Finland&#038;key=AIzaSyDYsirYbFNSYcAENHBfxYni8v4hQ5pAedM\"><\/iframe><\/div>\n\n\n--><\/p>\n","protected":false},"excerpt":{"rendered":"<p>I natursk\u00f6n innersk\u00e4rg\u00e5rd i Bromarv kyrkby, Raseborg, uthyres f\u00f6r \u00f6vernattning tre dubbelrum samt ett familjerum f\u00f6r fyra personer i den hundra \u00e5r gamla och st\u00e4mningsfulla R\u00f6da Villan, Tallmo. Alla bekv\u00e4mligheter, umg\u00e4ngesrum, ett mindre k\u00f6k med mikrov\u00e5gsugn och kylsk\u00e5p, gratis WiFi, terrass mot s\u00f6der, strand med brygga och fyra b\u00e5tplatser \u2013 200 meter fr\u00e5n bussh\u00e5llplatsen och<span class=\"before-more-link\">&#8230;<\/span><a class=\"more-link\" href=\"http:\/\/www.bbnb.fi\/www\/sv\/slideshow\/\">Read more &#8230;<\/a><\/p>\n","protected":false},"author":1,"featured_media":0,"parent":0,"menu_order":0,"comment_status":"closed","ping_status":"closed","template":"template-page-no-title.php","meta":{"footnotes":""},"class_list":["post-2","page","type-page","status-publish","hentry"],"_links":{"self":[{"href":"http:\/\/www.bbnb.fi\/www\/wp-json\/wp\/v2\/pages\/2","targetHints":{"allow":["GET"]}}],"collection":[{"href":"http:\/\/www.bbnb.fi\/www\/wp-json\/wp\/v2\/pages"}],"about":[{"href":"http:\/\/www.bbnb.fi\/www\/wp-json\/wp\/v2\/types\/page"}],"author":[{"embeddable":true,"href":"http:\/\/www.bbnb.fi\/www\/wp-json\/wp\/v2\/users\/1"}],"replies":[{"embeddable":true,"href":"http:\/\/www.bbnb.fi\/www\/wp-json\/wp\/v2\/comments?post=2"}],"version-history":[{"count":21,"href":"http:\/\/www.bbnb.fi\/www\/wp-json\/wp\/v2\/pages\/2\/revisions"}],"predecessor-version":[{"id":377,"href":"http:\/\/www.bbnb.fi\/www\/wp-json\/wp\/v2\/pages\/2\/revisions\/377"}],"wp:attachment":[{"href":"http:\/\/www.bbnb.fi\/www\/wp-json\/wp\/v2\/media?parent=2"}],"curies":[{"name":"wp","href":"https:\/\/api.w.org\/{rel}","templated":true}]}}