{"id":170,"date":"2015-08-11T19:15:11","date_gmt":"2015-08-11T16:15:11","guid":{"rendered":"http:\/\/www.bbnb.fi\/www\/?page_id=170"},"modified":"2018-11-29T16:35:21","modified_gmt":"2018-11-29T14:35:21","slug":"etusivu","status":"publish","type":"page","link":"http:\/\/www.bbnb.fi\/www\/fi\/etusivu\/","title":{"rendered":"Etusivu"},"content":{"rendered":"<p>Sata vuotta vanhassa tunnelmallisessa huvilassa, R\u00f6da Villanissa, Tallmo, vuokrataan y\u00f6pyjille kolme kahden hengen huonetta sek\u00e4 yksi perhehuone nelj\u00e4lle. Huvila sijaitsee L\u00e4nsi-Uudenmaan luonnonkauniissa sis\u00e4saaristossa Bromarvin kirkonkyl\u00e4ss\u00e4, Raaseporissa. Kaikki mukavuudet, seurusteluhuone, pienehk\u00f6 keitti\u00f6 jossa on mikroaaltouuni ja j\u00e4\u00e4kaappi, ilmainen WiFi, katettu terassi etel\u00e4\u00e4n, oma ranta, laituri ja nelj\u00e4 venepaikkaa \u2013 200-metri\u00e4 linja-autopys\u00e4kist\u00e4 ja k\u00e4velymatkan et\u00e4isyydell\u00e4 kyl\u00e4n palveluista, saaristosatamasta, kaupasta, kirjastosta, kahvilasta ja ravintolasta.<\/p>\n<div class=\"one-half\"><a href=\"http:\/\/www.bbnb.fi\/www\/wp-content\/uploads\/2015\/07\/2847.jpg\" data-rel=\"lightbox-image-0\" data-rl_title=\"\" data-rl_caption=\"\" title=\"\"><img loading=\"lazy\" decoding=\"async\" class=\"alignnone  wp-image-44\" src=\"http:\/\/www.bbnb.fi\/www\/wp-content\/uploads\/2015\/07\/2847.jpg\" alt=\"2847\" width=\"471\" height=\"304\" srcset=\"http:\/\/www.bbnb.fi\/www\/wp-content\/uploads\/2015\/07\/2847.jpg 340w, http:\/\/www.bbnb.fi\/www\/wp-content\/uploads\/2015\/07\/2847-300x194.jpg 300w\" sizes=\"auto, (max-width: 471px) 100vw, 471px\" \/><\/a><\/div>\n<div class=\"one-half last last\">\n<p><img loading=\"lazy\" decoding=\"async\" class=\"alignnone  wp-image-43\" src=\"http:\/\/www.bbnb.fi\/www\/wp-content\/uploads\/2015\/07\/2817.jpg\" alt=\"2817\" width=\"471\" height=\"304\" srcset=\"http:\/\/www.bbnb.fi\/www\/wp-content\/uploads\/2015\/07\/2817.jpg 340w, http:\/\/www.bbnb.fi\/www\/wp-content\/uploads\/2015\/07\/2817-300x194.jpg 300w\" sizes=\"auto, (max-width: 471px) 100vw, 471px\" \/><\/p>\n<\/div>\n","protected":false},"excerpt":{"rendered":"<p>Sata vuotta vanhassa tunnelmallisessa huvilassa, R\u00f6da Villanissa, Tallmo, vuokrataan y\u00f6pyjille kolme kahden hengen huonetta sek\u00e4 yksi perhehuone nelj\u00e4lle. Huvila sijaitsee L\u00e4nsi-Uudenmaan luonnonkauniissa sis\u00e4saaristossa Bromarvin kirkonkyl\u00e4ss\u00e4, Raaseporissa. Kaikki mukavuudet, seurusteluhuone, pienehk\u00f6 keitti\u00f6 jossa on mikroaaltouuni ja j\u00e4\u00e4kaappi, ilmainen WiFi, katettu terassi etel\u00e4\u00e4n, oma ranta, laituri ja nelj\u00e4 venepaikkaa \u2013 200-metri\u00e4 linja-autopys\u00e4kist\u00e4 ja k\u00e4velymatkan et\u00e4isyydell\u00e4 kyl\u00e4n palveluista,<span class=\"before-more-link\">&#8230;<\/span><a class=\"more-link\" href=\"http:\/\/www.bbnb.fi\/www\/fi\/etusivu\/\">Read more &#8230;<\/a><\/p>\n","protected":false},"author":1,"featured_media":0,"parent":0,"menu_order":0,"comment_status":"closed","ping_status":"closed","template":"template-page-no-title.php","meta":{"footnotes":""},"class_list":["post-170","page","type-page","status-publish","hentry"],"_links":{"self":[{"href":"http:\/\/www.bbnb.fi\/www\/wp-json\/wp\/v2\/pages\/170","targetHints":{"allow":["GET"]}}],"collection":[{"href":"http:\/\/www.bbnb.fi\/www\/wp-json\/wp\/v2\/pages"}],"about":[{"href":"http:\/\/www.bbnb.fi\/www\/wp-json\/wp\/v2\/types\/page"}],"author":[{"embeddable":true,"href":"http:\/\/www.bbnb.fi\/www\/wp-json\/wp\/v2\/users\/1"}],"replies":[{"embeddable":true,"href":"http:\/\/www.bbnb.fi\/www\/wp-json\/wp\/v2\/comments?post=170"}],"version-history":[{"count":5,"href":"http:\/\/www.bbnb.fi\/www\/wp-json\/wp\/v2\/pages\/170\/revisions"}],"predecessor-version":[{"id":379,"href":"http:\/\/www.bbnb.fi\/www\/wp-json\/wp\/v2\/pages\/170\/revisions\/379"}],"wp:attachment":[{"href":"http:\/\/www.bbnb.fi\/www\/wp-json\/wp\/v2\/media?parent=170"}],"curies":[{"name":"wp","href":"https:\/\/api.w.org\/{rel}","templated":true}]}}