{"id":155,"date":"2015-08-11T19:11:39","date_gmt":"2015-08-11T16:11:39","guid":{"rendered":"http:\/\/www.bbnb.fi\/www\/?page_id=155"},"modified":"2015-08-13T12:29:34","modified_gmt":"2015-08-13T09:29:34","slug":"huoneemme","status":"publish","type":"page","link":"http:\/\/www.bbnb.fi\/www\/fi\/huoneemme\/","title":{"rendered":"Huoneemme"},"content":{"rendered":"<div class=\"one-third\"><a href=\"http:\/\/www.bbnb.fi\/www\/wp-content\/uploads\/2015\/07\/Beckasinen_2798.jpg\" data-rel=\"lightbox-image-0\" data-rl_title=\"\" data-rl_caption=\"\" title=\"\"><img decoding=\"async\" class=\"alignnone size-medium wp-image-61\" src=\"http:\/\/www.bbnb.fi\/www\/wp-content\/uploads\/2015\/07\/Beckasinen_2798-300x218.jpg\" alt=\"Beckasinen_2798\" width=\"350\" srcset=\"http:\/\/www.bbnb.fi\/www\/wp-content\/uploads\/2015\/07\/Beckasinen_2798-300x218.jpg 300w, http:\/\/www.bbnb.fi\/www\/wp-content\/uploads\/2015\/07\/Beckasinen_2798.jpg 1020w\" sizes=\"(max-width: 300px) 100vw, 300px\" \/><\/a><a href=\"http:\/\/www.bbnb.fi\/www\/wp-content\/uploads\/2015\/07\/Beckasinen_2798.jpg\" data-rel=\"lightbox-image-1\" data-rl_title=\"\" data-rl_caption=\"\" title=\"\"><br \/>\nBeckasinen<\/a><\/div>\n<div class=\"one-third\">Vuokrattavat huoneet ovat talon toisessa kerroksessa, miss\u00e4 on my\u00f6s yhdistetty oleskelu- ja ruokailuhuone, TV, pienempi keitti\u00f6, mikroaaltouuni ja j\u00e4\u00e4kaappi, kaksi WC:t\u00e4, toisessa on suihku. Vauvans\u00e4nky tarvittaessa saatavilla. Nopea ilmainen WiFi.<\/p>\n<p>Talon etel\u00e4npuoleinen katettu terassi on vieraiden k\u00e4yt\u00f6ss\u00e4. Terassilla on kaksi p\u00f6yt\u00e4\u00e4 ja istumapaikkoja kahdeksalle.<\/p>\n<p>Talon pohjakerros on omistajien yksityisess\u00e4 k\u00e4yt\u00f6ss\u00e4.<\/p>\n<\/div>\n<div class=\"one-third last\"><a href=\"http:\/\/www.bbnb.fi\/www\/wp-content\/uploads\/2015\/07\/Backsvalan_2647.jpg\" data-rel=\"lightbox-image-2\" data-rl_title=\"\" data-rl_caption=\"\" title=\"\"><img decoding=\"async\" class=\"alignnone size-medium wp-image-60\" src=\"http:\/\/www.bbnb.fi\/www\/wp-content\/uploads\/2015\/07\/Backsvalan_2647-300x218.jpg\" alt=\"Backsvalan_2647\" width=\"350\" srcset=\"http:\/\/www.bbnb.fi\/www\/wp-content\/uploads\/2015\/07\/Backsvalan_2647-300x218.jpg 300w, http:\/\/www.bbnb.fi\/www\/wp-content\/uploads\/2015\/07\/Backsvalan_2647.jpg 1020w\" sizes=\"(max-width: 300px) 100vw, 300px\" \/>Backsvalan<\/a><\/div>\n<div class=\"one-third\"><a href=\"http:\/\/www.bbnb.fi\/www\/wp-content\/uploads\/2015\/07\/Bofinken_2651.jpg\" data-rel=\"lightbox-image-3\" data-rl_title=\"\" data-rl_caption=\"\" title=\"\"><img decoding=\"async\" class=\"alignnone size-medium wp-image-63\" src=\"http:\/\/www.bbnb.fi\/www\/wp-content\/uploads\/2015\/07\/Bofinken_2651-300x218.jpg\" alt=\"Bofinken_2651\" width=\"350\" srcset=\"http:\/\/www.bbnb.fi\/www\/wp-content\/uploads\/2015\/07\/Bofinken_2651-300x218.jpg 300w, http:\/\/www.bbnb.fi\/www\/wp-content\/uploads\/2015\/07\/Bofinken_2651.jpg 1020w\" sizes=\"(max-width: 300px) 100vw, 300px\" \/>Bofinken<\/a><\/div>\n<div class=\"one-third\"><\/div>\n<div class=\"one-third last\"><a href=\"http:\/\/www.bbnb.fi\/www\/wp-content\/uploads\/2015\/07\/Blahakaen_2681.jpg\" data-rel=\"lightbox-image-4\" data-rl_title=\"\" data-rl_caption=\"\" title=\"\"><img decoding=\"async\" class=\"alignnone size-medium wp-image-62\" src=\"http:\/\/www.bbnb.fi\/www\/wp-content\/uploads\/2015\/07\/Blahakaen_2681-300x218.jpg\" alt=\"Blahakaen_2681\" width=\"350\" srcset=\"http:\/\/www.bbnb.fi\/www\/wp-content\/uploads\/2015\/07\/Blahakaen_2681-300x218.jpg 300w, http:\/\/www.bbnb.fi\/www\/wp-content\/uploads\/2015\/07\/Blahakaen_2681.jpg 1020w\" sizes=\"(max-width: 300px) 100vw, 300px\" \/>Bl\u00e5haken<\/a><\/div>\n<div class=\"one-half\"><a href=\"http:\/\/www.bbnb.fi\/www\/wp-content\/uploads\/2015\/07\/Ovre_salen_2674.jpg\" data-rel=\"lightbox-image-5\" data-rl_title=\"\" data-rl_caption=\"\" title=\"\"><img decoding=\"async\" class=\"alignnone size-medium wp-image-64\" src=\"http:\/\/www.bbnb.fi\/www\/wp-content\/uploads\/2015\/07\/Ovre_salen_2674.jpg\" alt=\"Ovre_salen_2674\" width=\"510\" srcset=\"http:\/\/www.bbnb.fi\/www\/wp-content\/uploads\/2015\/07\/Ovre_salen_2674.jpg 1020w, http:\/\/www.bbnb.fi\/www\/wp-content\/uploads\/2015\/07\/Ovre_salen_2674-300x218.jpg 300w\" sizes=\"(max-width: 1020px) 100vw, 1020px\" \/>Yl\u00e4kerran sali<\/a><\/div>\n<div class=\"one-half last\"><a href=\"http:\/\/www.bbnb.fi\/www\/wp-content\/uploads\/2015\/07\/Sodra_verandan_2698.jpg\" data-rel=\"lightbox-image-6\" data-rl_title=\"\" data-rl_caption=\"\" title=\"\"><img decoding=\"async\" class=\"alignnone size-medium wp-image-65\" src=\"http:\/\/www.bbnb.fi\/www\/wp-content\/uploads\/2015\/07\/Sodra_verandan_2698.jpg\" alt=\"Sodra_verandan_2698\" width=\"510\" srcset=\"http:\/\/www.bbnb.fi\/www\/wp-content\/uploads\/2015\/07\/Sodra_verandan_2698.jpg 1020w, http:\/\/www.bbnb.fi\/www\/wp-content\/uploads\/2015\/07\/Sodra_verandan_2698-300x218.jpg 300w\" sizes=\"(max-width: 1020px) 100vw, 1020px\" \/>Veranta etel\u00e4\u00e4n<\/a><\/div>\n","protected":false},"excerpt":{"rendered":"<p>Beckasinen Vuokrattavat huoneet ovat talon toisessa kerroksessa, miss\u00e4 on my\u00f6s yhdistetty oleskelu- ja ruokailuhuone, TV, pienempi keitti\u00f6, mikroaaltouuni ja j\u00e4\u00e4kaappi, kaksi WC:t\u00e4, toisessa on suihku. Vauvans\u00e4nky tarvittaessa saatavilla. Nopea ilmainen WiFi. Talon etel\u00e4npuoleinen katettu terassi on vieraiden k\u00e4yt\u00f6ss\u00e4. Terassilla on kaksi p\u00f6yt\u00e4\u00e4 ja istumapaikkoja kahdeksalle. Talon pohjakerros on omistajien yksityisess\u00e4 k\u00e4yt\u00f6ss\u00e4. Backsvalan Bofinken Bl\u00e5haken Yl\u00e4kerran<span class=\"before-more-link\">&#8230;<\/span><a class=\"more-link\" href=\"http:\/\/www.bbnb.fi\/www\/fi\/huoneemme\/\">Read more &#8230;<\/a><\/p>\n","protected":false},"author":1,"featured_media":0,"parent":0,"menu_order":0,"comment_status":"closed","ping_status":"closed","template":"template-page-noslide.php","meta":{"footnotes":""},"class_list":["post-155","page","type-page","status-publish","hentry"],"_links":{"self":[{"href":"http:\/\/www.bbnb.fi\/www\/wp-json\/wp\/v2\/pages\/155","targetHints":{"allow":["GET"]}}],"collection":[{"href":"http:\/\/www.bbnb.fi\/www\/wp-json\/wp\/v2\/pages"}],"about":[{"href":"http:\/\/www.bbnb.fi\/www\/wp-json\/wp\/v2\/types\/page"}],"author":[{"embeddable":true,"href":"http:\/\/www.bbnb.fi\/www\/wp-json\/wp\/v2\/users\/1"}],"replies":[{"embeddable":true,"href":"http:\/\/www.bbnb.fi\/www\/wp-json\/wp\/v2\/comments?post=155"}],"version-history":[{"count":4,"href":"http:\/\/www.bbnb.fi\/www\/wp-json\/wp\/v2\/pages\/155\/revisions"}],"predecessor-version":[{"id":235,"href":"http:\/\/www.bbnb.fi\/www\/wp-json\/wp\/v2\/pages\/155\/revisions\/235"}],"wp:attachment":[{"href":"http:\/\/www.bbnb.fi\/www\/wp-json\/wp\/v2\/media?parent=155"}],"curies":[{"name":"wp","href":"https:\/\/api.w.org\/{rel}","templated":true}]}}