{"id":152,"date":"2021-03-16T12:40:00","date_gmt":"2021-03-16T10:40:00","guid":{"rendered":"http:\/\/www.bbnb.fi\/www\/?page_id=152"},"modified":"2023-02-21T13:18:51","modified_gmt":"2023-02-21T11:18:51","slug":"hinnasto","status":"publish","type":"page","link":"http:\/\/www.bbnb.fi\/www\/fi\/hinnasto\/","title":{"rendered":"Hinnasto"},"content":{"rendered":"<p>\u00a0<\/p>\n<div class=\"three-fourth\">1 hl\u00f6 (2hh) ilman aamiaista-\u00a0 \u00a0 \u00a0 \u00a0 \u00a0 \u00a0 55 \u20ac \/y\u00f6<br \/>1 hl\u00f6 (2hh) aamiaisella &#8211;\u00a0 \u00a0 \u00a0 \u00a0 \u00a0 \u00a0 \u00a0 \u00a0 \u00a0 63 \u20ac \/y\u00f6<br \/>2 hl\u00f6\u00e4 (2hh) ilman aamiaista-\u00a0 \u00a0 \u00a0 \u00a0 110 \u20ac \/y\u00f6<br \/>2 hl\u00f6\u00e4 (2hh) aamiaisella-\u00a0 \u00a0 \u00a0 \u00a0 \u00a0 \u00a0 \u00a0 \u00a0125 \u20ac \/y\u00f6<\/div>\n<div>\u00a0<\/div>\n<div class=\"three-fourth\">Perhehuone (2 aikuista, 2 lasta alle 12 v.) ilman aamiaista-\u00a0 \u00a0 \u00a0 \u00a0155 \u20ac \/y\u00f6<br \/>Perhehuone (2 aikuista, 2 lasta alle 12 v.) aamiaisella &#8211;\u00a0 \u00a0 \u00a0 \u00a0 \u00a0 \u00a0 \u00a0175 \u20ac \/y\u00f6\u00a0<\/div>\n<div class=\"three-fourth\">Lapset alle 3 v. ilmaiseksi\u00a0 \u00a0&#8211;\u00a0 \u00a0\u00a0<\/div>\n<div class=\"three-fourth\">\n<p>Hintoihin sis\u00e4ltyy: vuodevaatteet, pyyheliinat, siivous ja 10 % alv.<\/p>\n<\/div>\n\n\n<p><\/p>\n","protected":false},"excerpt":{"rendered":"<p>\u00a0 1 hl\u00f6 (2hh) ilman aamiaista-\u00a0 \u00a0 \u00a0 \u00a0 \u00a0 \u00a0 55 \u20ac \/y\u00f61 hl\u00f6 (2hh) aamiaisella &#8211;\u00a0 \u00a0 \u00a0 \u00a0 \u00a0 \u00a0 \u00a0 \u00a0 \u00a0 63 \u20ac \/y\u00f62 hl\u00f6\u00e4 (2hh) ilman aamiaista-\u00a0 \u00a0 \u00a0 \u00a0 110 \u20ac \/y\u00f62 hl\u00f6\u00e4 (2hh) aamiaisella-\u00a0 \u00a0 \u00a0 \u00a0 \u00a0 \u00a0 \u00a0 \u00a0125 \u20ac \/y\u00f6 \u00a0 Perhehuone (2 aikuista,<span class=\"before-more-link\">&#8230;<\/span><a class=\"more-link\" href=\"http:\/\/www.bbnb.fi\/www\/fi\/hinnasto\/\">Read more &#8230;<\/a><\/p>\n","protected":false},"author":2,"featured_media":0,"parent":0,"menu_order":0,"comment_status":"closed","ping_status":"closed","template":"template-page-noslide.php","meta":{"footnotes":""},"class_list":["post-152","page","type-page","status-publish","hentry"],"_links":{"self":[{"href":"http:\/\/www.bbnb.fi\/www\/wp-json\/wp\/v2\/pages\/152","targetHints":{"allow":["GET"]}}],"collection":[{"href":"http:\/\/www.bbnb.fi\/www\/wp-json\/wp\/v2\/pages"}],"about":[{"href":"http:\/\/www.bbnb.fi\/www\/wp-json\/wp\/v2\/types\/page"}],"author":[{"embeddable":true,"href":"http:\/\/www.bbnb.fi\/www\/wp-json\/wp\/v2\/users\/2"}],"replies":[{"embeddable":true,"href":"http:\/\/www.bbnb.fi\/www\/wp-json\/wp\/v2\/comments?post=152"}],"version-history":[{"count":15,"href":"http:\/\/www.bbnb.fi\/www\/wp-json\/wp\/v2\/pages\/152\/revisions"}],"predecessor-version":[{"id":489,"href":"http:\/\/www.bbnb.fi\/www\/wp-json\/wp\/v2\/pages\/152\/revisions\/489"}],"wp:attachment":[{"href":"http:\/\/www.bbnb.fi\/www\/wp-json\/wp\/v2\/media?parent=152"}],"curies":[{"name":"wp","href":"https:\/\/api.w.org\/{rel}","templated":true}]}}