{"id":142,"date":"2015-08-11T19:04:01","date_gmt":"2015-08-11T16:04:01","guid":{"rendered":"http:\/\/www.bbnb.fi\/www\/?page_id=142"},"modified":"2016-01-27T23:20:26","modified_gmt":"2016-01-27T20:20:26","slug":"talon-historia","status":"publish","type":"page","link":"http:\/\/www.bbnb.fi\/www\/fi\/talon-historia\/","title":{"rendered":"Talon historia"},"content":{"rendered":"<div class=\"one-third\">\n<p>R\u00f6da Villan, Tallmo on rakennettu vuonna 1904 osana suurempaa kokonaisuutta, Bromarf Pensionatia, johon kuuluivat my\u00f6s viereiset Gr\u00f6na Villan ja Gula Villan. Viime vuosisadan alussa Bromarv oli kuuluisa lukuisista t\u00e4ysihoitoa tarjoavista pensionaateistaan. T\u00e4m\u00e4 toiminta kukoisti 1920- ja 1930-luvuilla, jolloin sadat vieraat viettiv\u00e4t lomaansa Bromarvissa joka kes\u00e4. Sotien j\u00e4lkeen toiminta j\u00e4rjestettiin uudelle pohjalle kun osakeyhti\u00f6 Bromarf Pensionat Ab muodostettiin vuonna 1946. T\u00e4ysihoitolatoiminta jatkui vilkkaana viel\u00e4 1950- ja 1960-luvuilla, mutta kasvava kes\u00e4m\u00f6kkeily teki vuokratoiminnasta kannattamattoman. Vuonna 1972 palvelut lopulta lopetettiin. Sen j\u00e4lkeen huoneita vuokrattiin pienemm\u00e4ss\u00e4 mittakaavassa ilman palveluja aina vuoteen 2005 saakka. Vuonna 2011 R\u00f6da Villan siirtyi uusille omistajille. Huvila l\u00e4pik\u00e4vi perusteellisen remontin vuosina 2011-2015 ja on taas avannut ovensa vieraille. Talon julkisivu on museoviraston suojelukohde.<\/p>\n<\/div>\n<div class=\"two-third last\">\n<p><a href=\"http:\/\/www.bbnb.fi\/www\/wp-content\/uploads\/2015\/07\/Historisk_Bild_1965-s.jpg\" data-rel=\"lightbox-image-0\" data-rl_title=\"\" data-rl_caption=\"\" title=\"\"><img decoding=\"async\" class=\"alignnone size-medium wp-image-103\" src=\"http:\/\/www.bbnb.fi\/www\/wp-content\/uploads\/2015\/07\/Historisk_Bild_1965-s.jpg\" alt=\"Historisk_Bild_1965-s\" width=\"700\" srcset=\"http:\/\/www.bbnb.fi\/www\/wp-content\/uploads\/2015\/07\/Historisk_Bild_1965-s.jpg 800w, http:\/\/www.bbnb.fi\/www\/wp-content\/uploads\/2015\/07\/Historisk_Bild_1965-s-300x170.jpg 300w\" sizes=\"(max-width: 800px) 100vw, 800px\" \/><\/a><\/p>\n<p><a href=\"http:\/\/www.bbnb.fi\/www\/wp-content\/uploads\/2015\/08\/Tavla-1.jpg\" data-rel=\"lightbox-image-1\" data-rl_title=\"\" data-rl_caption=\"\" title=\"\"><img decoding=\"async\" class=\"alignnone size-medium wp-image-103\" src=\"http:\/\/www.bbnb.fi\/www\/wp-content\/uploads\/2015\/08\/Tavla-1.jpg\" alt=\"H\u00e5kan Brunberg, 1950\" width=\"700\" \/><\/a><br \/>\nH\u00e5kan Brunberg, 1950<\/p>\n<\/div>\n","protected":false},"excerpt":{"rendered":"<p>R\u00f6da Villan, Tallmo on rakennettu vuonna 1904 osana suurempaa kokonaisuutta, Bromarf Pensionatia, johon kuuluivat my\u00f6s viereiset Gr\u00f6na Villan ja Gula Villan. Viime vuosisadan alussa Bromarv oli kuuluisa lukuisista t\u00e4ysihoitoa tarjoavista pensionaateistaan. T\u00e4m\u00e4 toiminta kukoisti 1920- ja 1930-luvuilla, jolloin sadat vieraat viettiv\u00e4t lomaansa Bromarvissa joka kes\u00e4. Sotien j\u00e4lkeen toiminta j\u00e4rjestettiin uudelle pohjalle kun osakeyhti\u00f6 Bromarf Pensionat<span class=\"before-more-link\">&#8230;<\/span><a class=\"more-link\" href=\"http:\/\/www.bbnb.fi\/www\/fi\/talon-historia\/\">Read more &#8230;<\/a><\/p>\n","protected":false},"author":1,"featured_media":0,"parent":0,"menu_order":0,"comment_status":"closed","ping_status":"closed","template":"template-page-noslide.php","meta":{"footnotes":""},"class_list":["post-142","page","type-page","status-publish","hentry"],"_links":{"self":[{"href":"http:\/\/www.bbnb.fi\/www\/wp-json\/wp\/v2\/pages\/142","targetHints":{"allow":["GET"]}}],"collection":[{"href":"http:\/\/www.bbnb.fi\/www\/wp-json\/wp\/v2\/pages"}],"about":[{"href":"http:\/\/www.bbnb.fi\/www\/wp-json\/wp\/v2\/types\/page"}],"author":[{"embeddable":true,"href":"http:\/\/www.bbnb.fi\/www\/wp-json\/wp\/v2\/users\/1"}],"replies":[{"embeddable":true,"href":"http:\/\/www.bbnb.fi\/www\/wp-json\/wp\/v2\/comments?post=142"}],"version-history":[{"count":8,"href":"http:\/\/www.bbnb.fi\/www\/wp-json\/wp\/v2\/pages\/142\/revisions"}],"predecessor-version":[{"id":250,"href":"http:\/\/www.bbnb.fi\/www\/wp-json\/wp\/v2\/pages\/142\/revisions\/250"}],"wp:attachment":[{"href":"http:\/\/www.bbnb.fi\/www\/wp-json\/wp\/v2\/media?parent=142"}],"curies":[{"name":"wp","href":"https:\/\/api.w.org\/{rel}","templated":true}]}}