{"id":107,"date":"2015-07-13T00:15:41","date_gmt":"2015-07-12T21:15:41","guid":{"rendered":"http:\/\/www.bbnb.fi\/www\/?page_id=107"},"modified":"2026-03-17T15:17:20","modified_gmt":"2026-03-17T13:17:20","slug":"kontakt-och-reservation","status":"publish","type":"page","link":"http:\/\/www.bbnb.fi\/www\/sv\/kontakt-och-reservation\/","title":{"rendered":"Kontakt och reservation"},"content":{"rendered":"<p>Sommars\u00e4songen 2026 h\u00e5ller Bromarf B&amp;B st\u00e4ngt p\u00e5 grund av mindre underh\u00e5lls- och reparationsarbeten.<\/p>\n<div class=\"one-half\">\n<p>Adress:<\/p>\n<p>R\u00f6da Villan, Tallmo<br \/>\nV\u00e4ttlaxv\u00e4gen 78, 10570 Bromarv, Raseborg<\/p>\n<p>Internet: <a href=\"http:\/\/www.bbnb.fi\" target=\"_blank\" rel=\"noopener noreferrer\">www.bbnb.fi<\/a><\/p>\n<p>E-mail: <a href=\"mailto:info@bbnb.fi\">info@bbnb.fi<\/a><\/p>\n<p>Facebook: <a href=\"https:\/\/www.facebook.com\/bbnbtallmo\" target=\"_blank\" rel=\"noopener noreferrer\">Bromarf Bed&amp;Breakfast (BBnB)<\/a><\/p>\n<p>Reservation bara per telefon:<\/p>\n<p>+358(0)405214733<\/p>\n<p>+358(0)405245323<\/p>\n<p>Bekr\u00e4fta reserveringarna per e-mail eller SMS.<\/p>\n<p>Fr\u00e5ga om eventuella \u00f6vriga \u00f6nskem\u00e5l eller extra arrangemang.<\/p>\n<\/div>\n<div class=\"one-half last\"><iframe loading=\"lazy\" style=\"border: 0px currentColor;\" src=\"https:\/\/www.google.com\/maps\/embed\/v1\/place?q=V%C3%A4ttlaxv%C3%A4gen%2078%2C%20Raseborg%2C%20Finland&amp;key=AIzaSyDYsirYbFNSYcAENHBfxYni8v4hQ5pAedM\" width=\"500\" height=\"500\" frameborder=\"0\"><\/iframe><\/div>\n","protected":false},"excerpt":{"rendered":"<p>Sommars\u00e4songen 2026 h\u00e5ller Bromarf B&amp;B st\u00e4ngt p\u00e5 grund av mindre underh\u00e5lls- och reparationsarbeten. Adress: R\u00f6da Villan, Tallmo V\u00e4ttlaxv\u00e4gen 78, 10570 Bromarv, Raseborg Internet: www.bbnb.fi E-mail: info@bbnb.fi Facebook: Bromarf Bed&amp;Breakfast (BBnB) Reservation bara per telefon: +358(0)405214733 +358(0)405245323 Bekr\u00e4fta reserveringarna per e-mail eller SMS. Fr\u00e5ga om eventuella \u00f6vriga \u00f6nskem\u00e5l eller extra arrangemang.<\/p>\n","protected":false},"author":1,"featured_media":0,"parent":0,"menu_order":0,"comment_status":"closed","ping_status":"closed","template":"template-page-contact.php","meta":{"footnotes":""},"class_list":["post-107","page","type-page","status-publish","hentry"],"_links":{"self":[{"href":"http:\/\/www.bbnb.fi\/www\/wp-json\/wp\/v2\/pages\/107","targetHints":{"allow":["GET"]}}],"collection":[{"href":"http:\/\/www.bbnb.fi\/www\/wp-json\/wp\/v2\/pages"}],"about":[{"href":"http:\/\/www.bbnb.fi\/www\/wp-json\/wp\/v2\/types\/page"}],"author":[{"embeddable":true,"href":"http:\/\/www.bbnb.fi\/www\/wp-json\/wp\/v2\/users\/1"}],"replies":[{"embeddable":true,"href":"http:\/\/www.bbnb.fi\/www\/wp-json\/wp\/v2\/comments?post=107"}],"version-history":[{"count":24,"href":"http:\/\/www.bbnb.fi\/www\/wp-json\/wp\/v2\/pages\/107\/revisions"}],"predecessor-version":[{"id":591,"href":"http:\/\/www.bbnb.fi\/www\/wp-json\/wp\/v2\/pages\/107\/revisions\/591"}],"wp:attachment":[{"href":"http:\/\/www.bbnb.fi\/www\/wp-json\/wp\/v2\/media?parent=107"}],"curies":[{"name":"wp","href":"https:\/\/api.w.org\/{rel}","templated":true}]}}