{"id":10,"date":"2015-07-11T11:50:16","date_gmt":"2015-07-11T08:50:16","guid":{"rendered":"http:\/\/www.bbnb.fi\/www\/?page_id=10"},"modified":"2016-01-27T23:21:11","modified_gmt":"2016-01-27T20:21:11","slug":"husets-historia","status":"publish","type":"page","link":"http:\/\/www.bbnb.fi\/www\/sv\/husets-historia\/","title":{"rendered":"Husets historia"},"content":{"rendered":"<div class=\"one-third\">R\u00f6da Villan, Tallmo uppf\u00f6rdes ursprungligen 1904 och utgjorde tillsammans med de intill liggande Gr\u00f6na Villan och Gula Villan det nygrundade pensionatet. Pensionatsverksamheten var blomstrande och livligt under 1920- och 1930-talen d\u00e5 \u00e4ven andra pensionat uppf\u00f6rdes i Bromarf kyrkby. Efter kriget, \u00e5r 1946 bildades Aktiebolaget Bromarf Pensionat som tog \u00f6ver driften av Gula, Gr\u00f6na och R\u00f6da villorna. Pensionatsverksamheten fortsatte \u00e4nnu p\u00e5 1950- och 1960-talen men blev med tiden ol\u00f6nsam och lades slutligen ner 1972. Rumsuthyrning utan pensionatsservice bedrevs i liten skala i R\u00f6da Villan fram till 2005. Huset \u00f6vergick till nya \u00e4gare 2011 och har under \u00e5ren 2011-2015 genomg\u00e5tt en grundrenovering. Huset h\u00f6r till museiverkets skyddsobjekt.<\/p>\n<\/div>\n<div class=\"two-third last\"><a href=\"http:\/\/www.bbnb.fi\/www\/wp-content\/uploads\/2015\/07\/Historisk_Bild_1965-s.jpg\" data-rel=\"lightbox-image-0\" data-rl_title=\"\" data-rl_caption=\"\" title=\"\"><img decoding=\"async\" class=\"alignnone size-medium wp-image-103\" src=\"http:\/\/www.bbnb.fi\/www\/wp-content\/uploads\/2015\/07\/Historisk_Bild_1965-s.jpg\" alt=\"Historisk_Bild_1965-s\" width=\"700\" srcset=\"http:\/\/www.bbnb.fi\/www\/wp-content\/uploads\/2015\/07\/Historisk_Bild_1965-s.jpg 800w, http:\/\/www.bbnb.fi\/www\/wp-content\/uploads\/2015\/07\/Historisk_Bild_1965-s-300x170.jpg 300w\" sizes=\"(max-width: 800px) 100vw, 800px\" \/><\/a><\/p>\n<p><a href=\"http:\/\/www.bbnb.fi\/www\/wp-content\/uploads\/2015\/08\/Tavla-1.jpg\" data-rel=\"lightbox-image-1\" data-rl_title=\"\" data-rl_caption=\"\" title=\"\"><img decoding=\"async\" class=\"alignnone size-medium wp-image-103\" src=\"http:\/\/www.bbnb.fi\/www\/wp-content\/uploads\/2015\/08\/Tavla-1.jpg\" alt=\"H\u00e5kan Brunberg, 1950\" width=\"700\" \/><\/a><br \/>\nH\u00e5kan Brunberg, 1950<\/div>\n","protected":false},"excerpt":{"rendered":"<p>R\u00f6da Villan, Tallmo uppf\u00f6rdes ursprungligen 1904 och utgjorde tillsammans med de intill liggande Gr\u00f6na Villan och Gula Villan det nygrundade pensionatet. Pensionatsverksamheten var blomstrande och livligt under 1920- och 1930-talen d\u00e5 \u00e4ven andra pensionat uppf\u00f6rdes i Bromarf kyrkby. Efter kriget, \u00e5r 1946 bildades Aktiebolaget Bromarf Pensionat som tog \u00f6ver driften av Gula, Gr\u00f6na och R\u00f6da<span class=\"before-more-link\">&#8230;<\/span><a class=\"more-link\" href=\"http:\/\/www.bbnb.fi\/www\/sv\/husets-historia\/\">Read more &#8230;<\/a><\/p>\n","protected":false},"author":1,"featured_media":0,"parent":0,"menu_order":0,"comment_status":"closed","ping_status":"closed","template":"template-page-noslide.php","meta":{"footnotes":""},"class_list":["post-10","page","type-page","status-publish","hentry"],"_links":{"self":[{"href":"http:\/\/www.bbnb.fi\/www\/wp-json\/wp\/v2\/pages\/10","targetHints":{"allow":["GET"]}}],"collection":[{"href":"http:\/\/www.bbnb.fi\/www\/wp-json\/wp\/v2\/pages"}],"about":[{"href":"http:\/\/www.bbnb.fi\/www\/wp-json\/wp\/v2\/types\/page"}],"author":[{"embeddable":true,"href":"http:\/\/www.bbnb.fi\/www\/wp-json\/wp\/v2\/users\/1"}],"replies":[{"embeddable":true,"href":"http:\/\/www.bbnb.fi\/www\/wp-json\/wp\/v2\/comments?post=10"}],"version-history":[{"count":8,"href":"http:\/\/www.bbnb.fi\/www\/wp-json\/wp\/v2\/pages\/10\/revisions"}],"predecessor-version":[{"id":251,"href":"http:\/\/www.bbnb.fi\/www\/wp-json\/wp\/v2\/pages\/10\/revisions\/251"}],"wp:attachment":[{"href":"http:\/\/www.bbnb.fi\/www\/wp-json\/wp\/v2\/media?parent=10"}],"curies":[{"name":"wp","href":"https:\/\/api.w.org\/{rel}","templated":true}]}}